{"id":8,"date":"2018-06-18T21:57:25","date_gmt":"2018-06-18T19:57:25","guid":{"rendered":"http:\/\/orielamo.fr\/?page_id=8"},"modified":"2018-10-11T01:48:13","modified_gmt":"2018-10-10T23:48:13","slug":"a-propos-de","status":"publish","type":"page","link":"https:\/\/orielamo.fr\/?page_id=8","title":{"rendered":"\u00c0 propos de"},"content":{"rendered":"<p>Les experts d&#8217;Oriel a.m.o se sont investis, ils ont\u00a0fait partie de :<\/p>\n<ul>\n<li><span style=\"font-size: 1rem;\">Premi\u00e8re construction de coll\u00e8ge HQE\u00ae de la R\u00e9gion PACA, niveau Exceptionnel<\/span><\/li>\n<li><span style=\"font-size: 1rem;\">Premi\u00e8re<\/span> r\u00e9habilitation de coll\u00e8ge HQE\u00ae en R\u00e9gion PACA, niveau Excellent.<\/li>\n<li>5 projets m\u00e9daill\u00e9s Or, de la d\u00e9marche BDM,<\/li>\n<li>Prix international de construction en terre crue pour le coll\u00e8ge de Kon\u00e9 en Nouvelle Cal\u00e9donie.<\/li>\n<\/ul>\n<p>Les experts d&#8217;Oriel a.m.o. ont r\u00e9alis\u00e9 pour la R\u00e9gion PACA, les Conseils D\u00e9partementaux des Bouches du Rh\u00f4ne et des Alpes de Haute Provence, plus de 40 audits \u00e9nerg\u00e9tiques sur les lyc\u00e9es et coll\u00e8ges afin de r\u00e9duire leurs\u00a0consommations d&#8217;\u00e9nergies et d&#8217;eau.<\/p>\n","protected":false},"excerpt":{"rendered":"<p>Les experts d&#8217;Oriel a.m.o se sont investis, ils ont\u00a0fait partie de : Premi\u00e8re construction de coll\u00e8ge HQE\u00ae de la R\u00e9gion PACA, niveau Exceptionnel Premi\u00e8re r\u00e9habilitation de coll\u00e8ge HQE\u00ae en R\u00e9gion PACA, niveau Excellent. 5 projets m\u00e9daill\u00e9s Or, de la d\u00e9marche BDM, Prix international de construction en terre crue pour le coll\u00e8ge de Kon\u00e9 en Nouvelle &hellip; <\/p>\n<p class=\"link-more\"><a href=\"https:\/\/orielamo.fr\/?page_id=8\" class=\"more-link\">Continue reading<span class=\"screen-reader-text\"> &#8220;\u00c0 propos de&#8221;<\/span><\/a><\/p>\n","protected":false},"author":1,"featured_media":4,"parent":0,"menu_order":0,"comment_status":"closed","ping_status":"closed","template":"","meta":[],"_links":{"self":[{"href":"https:\/\/orielamo.fr\/index.php?rest_route=\/wp\/v2\/pages\/8"}],"collection":[{"href":"https:\/\/orielamo.fr\/index.php?rest_route=\/wp\/v2\/pages"}],"about":[{"href":"https:\/\/orielamo.fr\/index.php?rest_route=\/wp\/v2\/types\/page"}],"author":[{"embeddable":true,"href":"https:\/\/orielamo.fr\/index.php?rest_route=\/wp\/v2\/users\/1"}],"replies":[{"embeddable":true,"href":"https:\/\/orielamo.fr\/index.php?rest_route=%2Fwp%2Fv2%2Fcomments&post=8"}],"version-history":[{"count":4,"href":"https:\/\/orielamo.fr\/index.php?rest_route=\/wp\/v2\/pages\/8\/revisions"}],"predecessor-version":[{"id":43,"href":"https:\/\/orielamo.fr\/index.php?rest_route=\/wp\/v2\/pages\/8\/revisions\/43"}],"wp:featuredmedia":[{"embeddable":true,"href":"https:\/\/orielamo.fr\/index.php?rest_route=\/wp\/v2\/media\/4"}],"wp:attachment":[{"href":"https:\/\/orielamo.fr\/index.php?rest_route=%2Fwp%2Fv2%2Fmedia&parent=8"}],"curies":[{"name":"wp","href":"https:\/\/api.w.org\/{rel}","templated":true}]}}