{"id":7,"date":"2018-06-18T21:57:25","date_gmt":"2018-06-18T19:57:25","guid":{"rendered":"http:\/\/orielamo.fr\/?page_id=7"},"modified":"2018-10-11T00:59:45","modified_gmt":"2018-10-10T22:59:45","slug":"accueil","status":"publish","type":"page","link":"https:\/\/orielamo.fr\/","title":{"rendered":"Accueil"},"content":{"rendered":"<div class=\"vq wq \" tabindex=\"0\">\n<h3 class=\"ak\"><strong>Assistant \u00e0 ma\u00eetrise d&#8217;ouvrage b\u00e2timent, sp\u00e9cialis\u00e9 en d\u00e9veloppement durable et \u00e9nergies renouvelables. <\/strong><\/h3>\n<div class=\"ak\">Oriel a.m.o accompagne les ma\u00eetres d&#8217;ouvrage dans leurs projets de constructions neuves, de r\u00e9habilitations ou d&#8217;am\u00e9nagement.<\/div>\n<div class=\"ak\">Expert en \u00e9nergie, Oriel a.m.o aide \u00e0 r\u00e9duire les consommations \u00e9nerg\u00e9tiques, \u00e0 optimiser les r\u00e9glages des \u00e9quipements de chauffage-ventilation-climatisation, \u00e0 investir dans les \u00e9nergies renouvelables (photovolta\u00efque et micro-\u00e9lectricit\u00e9), \u00e0 r\u00e9aliser des travaux d&#8217;\u00e9conomies d&#8217;\u00e9nergie, \u00e0 obtenir les subventions adapt\u00e9es aux projets.<\/div>\n<div class=\"ak\">Oriel a.m.o est accompagnateur BDM (b\u00e2timent durable m\u00e9diterran\u00e9en), BDO (batiment durable en Occitanie), QDM et QDO (quartier durable m\u00e9diterran\u00e9en \/ en Occitanie).<\/div>\n<\/div>\n","protected":false},"excerpt":{"rendered":"<p>Assistant \u00e0 ma\u00eetrise d&#8217;ouvrage b\u00e2timent, sp\u00e9cialis\u00e9 en d\u00e9veloppement durable et \u00e9nergies renouvelables. Oriel a.m.o accompagne les ma\u00eetres d&#8217;ouvrage dans leurs projets de constructions neuves, de r\u00e9habilitations ou d&#8217;am\u00e9nagement. Expert en \u00e9nergie, Oriel a.m.o aide \u00e0 r\u00e9duire les consommations \u00e9nerg\u00e9tiques, \u00e0 optimiser les r\u00e9glages des \u00e9quipements de chauffage-ventilation-climatisation, \u00e0 investir dans les \u00e9nergies renouvelables (photovolta\u00efque et &hellip; <\/p>\n<p class=\"link-more\"><a href=\"https:\/\/orielamo.fr\/\" class=\"more-link\">Continue reading<span class=\"screen-reader-text\"> &#8220;Accueil&#8221;<\/span><\/a><\/p>\n","protected":false},"author":1,"featured_media":0,"parent":0,"menu_order":0,"comment_status":"closed","ping_status":"closed","template":"","meta":[],"_links":{"self":[{"href":"https:\/\/orielamo.fr\/index.php?rest_route=\/wp\/v2\/pages\/7"}],"collection":[{"href":"https:\/\/orielamo.fr\/index.php?rest_route=\/wp\/v2\/pages"}],"about":[{"href":"https:\/\/orielamo.fr\/index.php?rest_route=\/wp\/v2\/types\/page"}],"author":[{"embeddable":true,"href":"https:\/\/orielamo.fr\/index.php?rest_route=\/wp\/v2\/users\/1"}],"replies":[{"embeddable":true,"href":"https:\/\/orielamo.fr\/index.php?rest_route=%2Fwp%2Fv2%2Fcomments&post=7"}],"version-history":[{"count":3,"href":"https:\/\/orielamo.fr\/index.php?rest_route=\/wp\/v2\/pages\/7\/revisions"}],"predecessor-version":[{"id":32,"href":"https:\/\/orielamo.fr\/index.php?rest_route=\/wp\/v2\/pages\/7\/revisions\/32"}],"wp:attachment":[{"href":"https:\/\/orielamo.fr\/index.php?rest_route=%2Fwp%2Fv2%2Fmedia&parent=7"}],"curies":[{"name":"wp","href":"https:\/\/api.w.org\/{rel}","templated":true}]}}